{"id":2,"date":"2020-01-21T15:59:22","date_gmt":"2020-01-21T18:59:22","guid":{"rendered":"http:\/\/www.export-paletizacao.com.br\/?page_id=2"},"modified":"2021-10-15T17:32:06","modified_gmt":"2021-10-15T20:32:06","slug":"pagina-exemplo","status":"publish","type":"page","link":"https:\/\/www.export-paletizacao.com.br\/en\/","title":{"rendered":"Com\u00e9rcio de Embalagens e Servi\u00e7os"},"content":{"rendered":"<p>Based in the Port of Santos, we offer services throughout Brazil.<\/p>\n<p>We provide specialized industrial packaging services for project cargo (Industrial Packaging), cargo lashing, securing, and dunnage for both export and domestic transportation (coastal shipping and road transport), as well as supplies and services on board ships.<\/p>\n<p>With over 30 years of experience in the field, we prioritize ethics, respect, and commitment in our interactions with clients. Our main focuses are delivering high-quality services and ensuring the safety of everyone involved in the logistics chain. We have acquired and developed expertise throughout the years, placing emphasis on maintaining the highest standards.<\/p>","protected":false},"excerpt":{"rendered":"<p>Com base no Porto de Santos, oferecemos servi\u00e7os em todo Brasil. Disponibilizamos atividades especializadas de embalagem industrial para cargas de projeto (Industrial Packaging), pea\u00e7\u00e3o de cargas (Lashing, Securing and Dunnage) voltadas para exporta\u00e7\u00e3o e tamb\u00e9m para o transporte nacional (Cabotagem e Rodovi\u00e1rio), al\u00e9m de fornecimentos e servi\u00e7os a bordo de navios. Com experi\u00eancia adquirida e desenvolvida em mais de 30 anos de atua\u00e7\u00e3o na \u00e1rea, consideramos como prioridade em nossos atendimentos a \u00e9tica, o respeito [&hellip;]<\/p>\n","protected":false},"author":1,"featured_media":0,"parent":0,"menu_order":0,"comment_status":"closed","ping_status":"open","template":"homepage.php","meta":{"_acf_changed":false,"footnotes":""},"class_list":["post-2","page","type-page","status-publish","hentry"],"acf":[],"yoast_head":"<!-- This site is optimized with the Yoast SEO plugin v27.5 - https:\/\/yoast.com\/product\/yoast-seo-wordpress\/ -->\n<title>Com\u00e9rcio de Embalagens e Servi\u00e7os - Export Paletiza\u00e7\u00e3o<\/title>\n<meta name=\"description\" content=\"Com\u00e9rcio de Embalagens e Servi\u00e7os. Conhe\u00e7a nossos servi\u00e7os de Embalagens especiais, pea\u00e7\u00e3o\/lashing, plastifica\u00e7\u00e3o especial\/shrink, reparos em avarias, paletiza\u00e7\u00e3o, ship supplier, dentre outros.\" \/>\n<meta name=\"robots\" content=\"index, follow, max-snippet:-1, max-image-preview:large, max-video-preview:-1\" \/>\n<link rel=\"canonical\" href=\"https:\/\/www.export-paletizacao.com.br\/en\/\" \/>\n<meta property=\"og:locale\" content=\"en_US\" \/>\n<meta property=\"og:type\" content=\"article\" \/>\n<meta property=\"og:title\" content=\"Com\u00e9rcio de Embalagens e Servi\u00e7os - Export Paletiza\u00e7\u00e3o\" \/>\n<meta property=\"og:description\" content=\"Com\u00e9rcio de Embalagens e Servi\u00e7os. Conhe\u00e7a nossos servi\u00e7os de Embalagens especiais, pea\u00e7\u00e3o\/lashing, plastifica\u00e7\u00e3o especial\/shrink, reparos em avarias, paletiza\u00e7\u00e3o, ship supplier, dentre outros.\" \/>\n<meta property=\"og:url\" content=\"https:\/\/www.export-paletizacao.com.br\/en\/\" \/>\n<meta property=\"og:site_name\" content=\"Export Paletiza\u00e7\u00e3o\" \/>\n<meta property=\"article:modified_time\" content=\"2021-10-15T20:32:06+00:00\" \/>\n<meta name=\"twitter:card\" content=\"summary_large_image\" \/>\n<meta name=\"twitter:label1\" content=\"Est. reading time\" \/>\n\t<meta name=\"twitter:data1\" content=\"1 minute\" \/>\n<script type=\"application\/ld+json\" class=\"yoast-schema-graph\">{\"@context\":\"https:\\\/\\\/schema.org\",\"@graph\":[{\"@type\":\"WebPage\",\"@id\":\"https:\\\/\\\/www.export-paletizacao.com.br\\\/\",\"url\":\"https:\\\/\\\/www.export-paletizacao.com.br\\\/\",\"name\":\"Com\u00e9rcio de Embalagens e Servi\u00e7os - Export Paletiza\u00e7\u00e3o\",\"isPartOf\":{\"@id\":\"https:\\\/\\\/www.export-paletizacao.com.br\\\/#website\"},\"datePublished\":\"2020-01-21T18:59:22+00:00\",\"dateModified\":\"2021-10-15T20:32:06+00:00\",\"description\":\"Com\u00e9rcio de Embalagens e Servi\u00e7os. Conhe\u00e7a nossos servi\u00e7os de Embalagens especiais, pea\u00e7\u00e3o\\\/lashing, plastifica\u00e7\u00e3o especial\\\/shrink, reparos em avarias, paletiza\u00e7\u00e3o, ship supplier, dentre outros.\",\"breadcrumb\":{\"@id\":\"https:\\\/\\\/www.export-paletizacao.com.br\\\/#breadcrumb\"},\"inLanguage\":\"en-US\",\"potentialAction\":[{\"@type\":\"ReadAction\",\"target\":[\"https:\\\/\\\/www.export-paletizacao.com.br\\\/\"]}]},{\"@type\":\"BreadcrumbList\",\"@id\":\"https:\\\/\\\/www.export-paletizacao.com.br\\\/#breadcrumb\",\"itemListElement\":[{\"@type\":\"ListItem\",\"position\":1,\"name\":\"In\u00edcio\",\"item\":\"https:\\\/\\\/www.export-paletizacao.com.br\\\/\"},{\"@type\":\"ListItem\",\"position\":2,\"name\":\"Com\u00e9rcio de Embalagens e Servi\u00e7os\"}]},{\"@type\":\"WebSite\",\"@id\":\"https:\\\/\\\/www.export-paletizacao.com.br\\\/#website\",\"url\":\"https:\\\/\\\/www.export-paletizacao.com.br\\\/\",\"name\":\"Export Paletiza\u00e7\u00e3o\",\"description\":\"Com\u00e9rcio de Embalagens e Servi\u00e7os\",\"potentialAction\":[{\"@type\":\"SearchAction\",\"target\":{\"@type\":\"EntryPoint\",\"urlTemplate\":\"https:\\\/\\\/www.export-paletizacao.com.br\\\/?s={search_term_string}\"},\"query-input\":{\"@type\":\"PropertyValueSpecification\",\"valueRequired\":true,\"valueName\":\"search_term_string\"}}],\"inLanguage\":\"en-US\"}]}<\/script>\n<!-- \/ Yoast SEO plugin. -->","yoast_head_json":{"title":"Com\u00e9rcio de Embalagens e Servi\u00e7os - Export Paletiza\u00e7\u00e3o","description":"Com\u00e9rcio de Embalagens e Servi\u00e7os. Conhe\u00e7a nossos servi\u00e7os de Embalagens especiais, pea\u00e7\u00e3o\/lashing, plastifica\u00e7\u00e3o especial\/shrink, reparos em avarias, paletiza\u00e7\u00e3o, ship supplier, dentre outros.","robots":{"index":"index","follow":"follow","max-snippet":"max-snippet:-1","max-image-preview":"max-image-preview:large","max-video-preview":"max-video-preview:-1"},"canonical":"https:\/\/www.export-paletizacao.com.br\/en\/","og_locale":"en_US","og_type":"article","og_title":"Com\u00e9rcio de Embalagens e Servi\u00e7os - Export Paletiza\u00e7\u00e3o","og_description":"Com\u00e9rcio de Embalagens e Servi\u00e7os. Conhe\u00e7a nossos servi\u00e7os de Embalagens especiais, pea\u00e7\u00e3o\/lashing, plastifica\u00e7\u00e3o especial\/shrink, reparos em avarias, paletiza\u00e7\u00e3o, ship supplier, dentre outros.","og_url":"https:\/\/www.export-paletizacao.com.br\/en\/","og_site_name":"Export Paletiza\u00e7\u00e3o","article_modified_time":"2021-10-15T20:32:06+00:00","twitter_card":"summary_large_image","twitter_misc":{"Est. reading time":"1 minute"},"schema":{"@context":"https:\/\/schema.org","@graph":[{"@type":"WebPage","@id":"https:\/\/www.export-paletizacao.com.br\/","url":"https:\/\/www.export-paletizacao.com.br\/","name":"Com\u00e9rcio de Embalagens e Servi\u00e7os - Export Paletiza\u00e7\u00e3o","isPartOf":{"@id":"https:\/\/www.export-paletizacao.com.br\/#website"},"datePublished":"2020-01-21T18:59:22+00:00","dateModified":"2021-10-15T20:32:06+00:00","description":"Com\u00e9rcio de Embalagens e Servi\u00e7os. Conhe\u00e7a nossos servi\u00e7os de Embalagens especiais, pea\u00e7\u00e3o\/lashing, plastifica\u00e7\u00e3o especial\/shrink, reparos em avarias, paletiza\u00e7\u00e3o, ship supplier, dentre outros.","breadcrumb":{"@id":"https:\/\/www.export-paletizacao.com.br\/#breadcrumb"},"inLanguage":"en-US","potentialAction":[{"@type":"ReadAction","target":["https:\/\/www.export-paletizacao.com.br\/"]}]},{"@type":"BreadcrumbList","@id":"https:\/\/www.export-paletizacao.com.br\/#breadcrumb","itemListElement":[{"@type":"ListItem","position":1,"name":"In\u00edcio","item":"https:\/\/www.export-paletizacao.com.br\/"},{"@type":"ListItem","position":2,"name":"Com\u00e9rcio de Embalagens e Servi\u00e7os"}]},{"@type":"WebSite","@id":"https:\/\/www.export-paletizacao.com.br\/#website","url":"https:\/\/www.export-paletizacao.com.br\/","name":"Export Paletiza\u00e7\u00e3o","description":"Com\u00e9rcio de Embalagens e Servi\u00e7os","potentialAction":[{"@type":"SearchAction","target":{"@type":"EntryPoint","urlTemplate":"https:\/\/www.export-paletizacao.com.br\/?s={search_term_string}"},"query-input":{"@type":"PropertyValueSpecification","valueRequired":true,"valueName":"search_term_string"}}],"inLanguage":"en-US"}]}},"_links":{"self":[{"href":"https:\/\/www.export-paletizacao.com.br\/en\/wp-json\/wp\/v2\/pages\/2","targetHints":{"allow":["GET"]}}],"collection":[{"href":"https:\/\/www.export-paletizacao.com.br\/en\/wp-json\/wp\/v2\/pages"}],"about":[{"href":"https:\/\/www.export-paletizacao.com.br\/en\/wp-json\/wp\/v2\/types\/page"}],"author":[{"embeddable":true,"href":"https:\/\/www.export-paletizacao.com.br\/en\/wp-json\/wp\/v2\/users\/1"}],"replies":[{"embeddable":true,"href":"https:\/\/www.export-paletizacao.com.br\/en\/wp-json\/wp\/v2\/comments?post=2"}],"version-history":[{"count":15,"href":"https:\/\/www.export-paletizacao.com.br\/en\/wp-json\/wp\/v2\/pages\/2\/revisions"}],"predecessor-version":[{"id":316,"href":"https:\/\/www.export-paletizacao.com.br\/en\/wp-json\/wp\/v2\/pages\/2\/revisions\/316"}],"wp:attachment":[{"href":"https:\/\/www.export-paletizacao.com.br\/en\/wp-json\/wp\/v2\/media?parent=2"}],"curies":[{"name":"wp","href":"https:\/\/api.w.org\/{rel}","templated":true}]}}