{"id":317,"date":"2021-10-15T17:40:29","date_gmt":"2021-10-15T20:40:29","guid":{"rendered":"https:\/\/www.export-paletizacao.com.br\/?page_id=317"},"modified":"2021-10-15T17:48:02","modified_gmt":"2021-10-15T20:48:02","slug":"politica-de-privacidade","status":"publish","type":"page","link":"https:\/\/www.export-paletizacao.com.br\/en\/politica-de-privacidade\/","title":{"rendered":"Privacy Policy"},"content":{"rendered":"<p>Your privacy is important to us. It is Export Palletiza\u00e7\u00e3o's policy to respect your privacy in relation to any information that we may collect on the Export Palletiza\u00e7\u00e3o website, and other websites that we own and operate.<\/p>\n<p>Solicitamos informa\u00e7\u00f5es pessoais apenas quando realmente precisamos delas para lhe fornecer um servi\u00e7o. Fazemo-lo por meios justos e legais, com o seu conhecimento e consentimento. Tamb\u00e9m informamos por que estamos coletando e como ser\u00e1 usado.<\/p>\n<p>We only retain collected information for as long as necessary to provide the requested service. When we store data, we protect it within commercially acceptable means to prevent loss and theft, as well as unauthorized access, disclosure, copying, use or modification.<\/p>\n<p>We do not share personally identifiable information publicly or with third parties, except as required by law.<\/p>\n<p>Our website may have links to external websites that are not operated by us. Please be aware that we have no control over the content and practices of these sites and cannot accept responsibility for their respective privacy policies.<\/p>\n<p>You are free to decline our request for personal information, understanding that we may not be able to provide you with some of your desired services.<\/p>\n<p>Your continued use of our website will be deemed acceptance of our practices around privacy and personal information. If you have any questions about how we handle user data and personal information, please contact us.<\/p>\n<p><strong>Cookies Policy Export Palletization<\/strong><\/p>\n<p><strong>What are cookies?<\/strong><\/p>\n<p>As is common practice with almost all professional websites, this website uses cookies, which are small files downloaded to your computer, to improve your experience. This page describes what information they collect, how we use it and why we sometimes need to store these cookies. We will also share how you can prevent these cookies from being stored, however this may downgrade or 'break' certain elements of the website's functionality.<\/p>\n<p><strong>How do we use cookies?<\/strong><\/p>\n<p>We use cookies for a variety of reasons, detailed below. Unfortunately, in most cases, there are no industry standard options for disabling cookies without completely disabling the functionality and features they add to this website. It is recommended that you leave all cookies out if you are unsure whether or not you need them if they are used to provide a service you use.<\/p>\n<p><strong>disable cookies<\/strong><\/p>\n<p>You can prevent the setting of cookies by adjusting your browser settings (see your browser Help for how to do this). Please be aware that disabling cookies will affect the functionality of this and many other websites you visit. Disabling cookies will generally result in disabling certain functionality and features of this website. Therefore, it is recommended that you do not disable cookies.<\/p>\n<p><strong>Cookies we set<\/strong><\/p>\n<p><strong>Cookies related to email newsletters<\/strong><\/p>\n<p>This website offers newsletter or email subscription services and cookies may be used to remember if you are already registered and whether to show certain notifications valid only for subscribed\/non-subscribed users.<\/p>\n<p><strong>Orders processing related cookies<\/strong><\/p>\n<p>This website offers e-commerce or payment facilities and some cookies are essential to ensure that your order is remembered between pages so that we can process it properly.<\/p>\n<p><strong>Form related cookies<\/strong><\/p>\n<p>When you submit data via a form such as those found on contact pages or comment forms, cookies may be set to remember your user details for future correspondence.<\/p>\n<p><strong>Site preference cookies<\/strong><\/p>\n<p>Para proporcionar uma \u00f3tima experi\u00eancia neste site, fornecemos a funcionalidade para definir suas prefer\u00eancias de como esse site \u00e9 executado quando voc\u00ea o usa. Para lembrar suas prefer\u00eancias, precisamos definir cookies para que essas informa\u00e7\u00f5es possam ser chamadas sempre que voc\u00ea interagir com uma p\u00e1gina for afetada por suas prefer\u00eancias.<\/p>\n<p><strong>Third Party Cookies<\/strong><\/p>\n<p>In some special cases, we also use cookies provided by trusted third parties. The following section details which third-party cookies you may encounter through this website.<\/p>\n<p>This website uses Google Analytics, which is one of the most widespread and trusted analytics solutions on the web, to help us understand how you use the website and how we can improve your experience. These cookies may track things like how long you spend on the site and which pages you visit so that we can continue to produce engaging content.<\/p>\n<p>For more information about Google Analytics cookies, see the official Google Analytics page.<\/p>\n<p>Third party analytics are used to track and measure usage of this site so that we can continue to produce engaging content. These cookies may track things like how long you spend on the site or which pages you visit, which helps us understand how we can improve the site for you.<\/p>\n<p>Periodically, we test new features and make subtle changes to the way the site looks. When we are still testing new features, these cookies may be used to ensure that you receive a consistent experience whilst on the site whilst understanding which optimisations our users appreciate most.<\/p>\n<p>As we sell products, it is important for us to understand statistics about how many visitors to our site actually make a purchase, and therefore this is the type of data these cookies will track. This is important to you as it means we can accurately make business predictions that allow us to analyze our advertising and product costs to ensure the best possible price.<\/p>\n<p><strong>User Commitment<\/strong><\/p>\n<p>The user undertakes to make proper use of the contents and information that Export Palletiza\u00e7\u00e3o offers on the website and with an enunciative, but not limiting, character:<\/p>\n<p>A) Not to engage in activities that are illegal or contrary to good faith and public order;<\/p>\n<p>B) Not to disseminate propaganda or content of a racist, xenophobic,\u00a0<a href=\"https:\/\/jogoshoje.io\/\">today's games<\/a>\u00a0or bad luck, any type of illegal pornography, in support of terrorism or against human rights;<\/p>\n<p>C) Not to cause damage to the physical (hardware) and logical (software) systems of Export Palletiza\u00e7\u00e3o, its suppliers or third parties, to introduce or disseminate computer viruses or any other hardware or software systems that are capable of causing damage mentioned above.<\/p>\n<p><strong>More information<\/strong><\/p>\n<p>Hopefully that's cleared up, and as mentioned earlier, if there's something you're not sure whether you need or not, it's generally safer to leave cookies enabled should you interact with one of the features you use on our website.<\/p>\n<p>This policy is effective from\u00a0<strong>October<\/strong>\/<strong>2021<\/strong>.<\/p>","protected":false},"excerpt":{"rendered":"<p>A sua privacidade \u00e9 importante para n\u00f3s. \u00c9 pol\u00edtica do Export Paletiza\u00e7\u00e3o respeitar a sua privacidade em rela\u00e7\u00e3o a qualquer informa\u00e7\u00e3o sua que possamos coletar no site\u00a0Export Paletiza\u00e7\u00e3o, e outros sites que possu\u00edmos e operamos. Solicitamos informa\u00e7\u00f5es pessoais apenas quando realmente precisamos delas para lhe fornecer um servi\u00e7o. Fazemo-lo por meios justos e legais, com o seu conhecimento e consentimento. Tamb\u00e9m informamos por que estamos coletando e como ser\u00e1 usado. Apenas retemos as informa\u00e7\u00f5es coletadas [&hellip;]<\/p>\n","protected":false},"author":1,"featured_media":33,"parent":0,"menu_order":0,"comment_status":"closed","ping_status":"closed","template":"","meta":{"_acf_changed":false,"footnotes":""},"class_list":["post-317","page","type-page","status-publish","has-post-thumbnail","hentry"],"acf":[],"yoast_head":"<!-- This site is optimized with the Yoast SEO plugin v27.5 - https:\/\/yoast.com\/product\/yoast-seo-wordpress\/ -->\n<title>Pol\u00edtica de Privacidade - Export Paletiza\u00e7\u00e3o<\/title>\n<meta name=\"robots\" content=\"index, follow, max-snippet:-1, max-image-preview:large, max-video-preview:-1\" \/>\n<link rel=\"canonical\" href=\"https:\/\/www.export-paletizacao.com.br\/en\/politica-de-privacidade\/\" \/>\n<meta property=\"og:locale\" content=\"en_US\" \/>\n<meta property=\"og:type\" content=\"article\" \/>\n<meta property=\"og:title\" content=\"Pol\u00edtica de Privacidade - Export Paletiza\u00e7\u00e3o\" \/>\n<meta property=\"og:description\" content=\"A sua privacidade \u00e9 importante para n\u00f3s. \u00c9 pol\u00edtica do Export Paletiza\u00e7\u00e3o respeitar a sua privacidade em rela\u00e7\u00e3o a qualquer informa\u00e7\u00e3o sua que possamos coletar no site\u00a0Export Paletiza\u00e7\u00e3o, e outros sites que possu\u00edmos e operamos. Solicitamos informa\u00e7\u00f5es pessoais apenas quando realmente precisamos delas para lhe fornecer um servi\u00e7o. Fazemo-lo por meios justos e legais, com o seu conhecimento e consentimento. Tamb\u00e9m informamos por que estamos coletando e como ser\u00e1 usado. Apenas retemos as informa\u00e7\u00f5es coletadas [&hellip;]\" \/>\n<meta property=\"og:url\" content=\"https:\/\/www.export-paletizacao.com.br\/en\/politica-de-privacidade\/\" \/>\n<meta property=\"og:site_name\" content=\"Export Paletiza\u00e7\u00e3o\" \/>\n<meta property=\"article:modified_time\" content=\"2021-10-15T20:48:02+00:00\" \/>\n<meta property=\"og:image\" content=\"https:\/\/www.export-paletizacao.com.br\/wp-content\/uploads\/2020\/01\/img-slideshow.png\" \/>\n\t<meta property=\"og:image:width\" content=\"1900\" \/>\n\t<meta property=\"og:image:height\" content=\"1028\" \/>\n\t<meta property=\"og:image:type\" content=\"image\/png\" \/>\n<meta name=\"twitter:card\" content=\"summary_large_image\" \/>\n<meta name=\"twitter:label1\" content=\"Est. reading time\" \/>\n\t<meta name=\"twitter:data1\" content=\"5 minutes\" \/>\n<script type=\"application\/ld+json\" class=\"yoast-schema-graph\">{\"@context\":\"https:\\\/\\\/schema.org\",\"@graph\":[{\"@type\":\"WebPage\",\"@id\":\"https:\\\/\\\/www.export-paletizacao.com.br\\\/politica-de-privacidade\\\/\",\"url\":\"https:\\\/\\\/www.export-paletizacao.com.br\\\/politica-de-privacidade\\\/\",\"name\":\"Pol\u00edtica de Privacidade - Export Paletiza\u00e7\u00e3o\",\"isPartOf\":{\"@id\":\"https:\\\/\\\/www.export-paletizacao.com.br\\\/#website\"},\"primaryImageOfPage\":{\"@id\":\"https:\\\/\\\/www.export-paletizacao.com.br\\\/politica-de-privacidade\\\/#primaryimage\"},\"image\":{\"@id\":\"https:\\\/\\\/www.export-paletizacao.com.br\\\/politica-de-privacidade\\\/#primaryimage\"},\"thumbnailUrl\":\"https:\\\/\\\/www.export-paletizacao.com.br\\\/wp-content\\\/uploads\\\/2020\\\/01\\\/img-slideshow.png\",\"datePublished\":\"2021-10-15T20:40:29+00:00\",\"dateModified\":\"2021-10-15T20:48:02+00:00\",\"breadcrumb\":{\"@id\":\"https:\\\/\\\/www.export-paletizacao.com.br\\\/politica-de-privacidade\\\/#breadcrumb\"},\"inLanguage\":\"en-US\",\"potentialAction\":[{\"@type\":\"ReadAction\",\"target\":[\"https:\\\/\\\/www.export-paletizacao.com.br\\\/politica-de-privacidade\\\/\"]}]},{\"@type\":\"ImageObject\",\"inLanguage\":\"en-US\",\"@id\":\"https:\\\/\\\/www.export-paletizacao.com.br\\\/politica-de-privacidade\\\/#primaryimage\",\"url\":\"https:\\\/\\\/www.export-paletizacao.com.br\\\/wp-content\\\/uploads\\\/2020\\\/01\\\/img-slideshow.png\",\"contentUrl\":\"https:\\\/\\\/www.export-paletizacao.com.br\\\/wp-content\\\/uploads\\\/2020\\\/01\\\/img-slideshow.png\",\"width\":1900,\"height\":1028,\"caption\":\"Export Paletiza\u00e7\u00e3o\"},{\"@type\":\"BreadcrumbList\",\"@id\":\"https:\\\/\\\/www.export-paletizacao.com.br\\\/politica-de-privacidade\\\/#breadcrumb\",\"itemListElement\":[{\"@type\":\"ListItem\",\"position\":1,\"name\":\"In\u00edcio\",\"item\":\"https:\\\/\\\/www.export-paletizacao.com.br\\\/\"},{\"@type\":\"ListItem\",\"position\":2,\"name\":\"Pol\u00edtica de Privacidade\"}]},{\"@type\":\"WebSite\",\"@id\":\"https:\\\/\\\/www.export-paletizacao.com.br\\\/#website\",\"url\":\"https:\\\/\\\/www.export-paletizacao.com.br\\\/\",\"name\":\"Export Paletiza\u00e7\u00e3o\",\"description\":\"Com\u00e9rcio de Embalagens e Servi\u00e7os\",\"potentialAction\":[{\"@type\":\"SearchAction\",\"target\":{\"@type\":\"EntryPoint\",\"urlTemplate\":\"https:\\\/\\\/www.export-paletizacao.com.br\\\/?s={search_term_string}\"},\"query-input\":{\"@type\":\"PropertyValueSpecification\",\"valueRequired\":true,\"valueName\":\"search_term_string\"}}],\"inLanguage\":\"en-US\"}]}<\/script>\n<!-- \/ Yoast SEO plugin. -->","yoast_head_json":{"title":"Pol\u00edtica de Privacidade - Export Paletiza\u00e7\u00e3o","robots":{"index":"index","follow":"follow","max-snippet":"max-snippet:-1","max-image-preview":"max-image-preview:large","max-video-preview":"max-video-preview:-1"},"canonical":"https:\/\/www.export-paletizacao.com.br\/en\/politica-de-privacidade\/","og_locale":"en_US","og_type":"article","og_title":"Pol\u00edtica de Privacidade - Export Paletiza\u00e7\u00e3o","og_description":"A sua privacidade \u00e9 importante para n\u00f3s. \u00c9 pol\u00edtica do Export Paletiza\u00e7\u00e3o respeitar a sua privacidade em rela\u00e7\u00e3o a qualquer informa\u00e7\u00e3o sua que possamos coletar no site\u00a0Export Paletiza\u00e7\u00e3o, e outros sites que possu\u00edmos e operamos. Solicitamos informa\u00e7\u00f5es pessoais apenas quando realmente precisamos delas para lhe fornecer um servi\u00e7o. Fazemo-lo por meios justos e legais, com o seu conhecimento e consentimento. Tamb\u00e9m informamos por que estamos coletando e como ser\u00e1 usado. Apenas retemos as informa\u00e7\u00f5es coletadas [&hellip;]","og_url":"https:\/\/www.export-paletizacao.com.br\/en\/politica-de-privacidade\/","og_site_name":"Export Paletiza\u00e7\u00e3o","article_modified_time":"2021-10-15T20:48:02+00:00","og_image":[{"width":1900,"height":1028,"url":"https:\/\/www.export-paletizacao.com.br\/wp-content\/uploads\/2020\/01\/img-slideshow.png","type":"image\/png"}],"twitter_card":"summary_large_image","twitter_misc":{"Est. reading time":"5 minutes"},"schema":{"@context":"https:\/\/schema.org","@graph":[{"@type":"WebPage","@id":"https:\/\/www.export-paletizacao.com.br\/politica-de-privacidade\/","url":"https:\/\/www.export-paletizacao.com.br\/politica-de-privacidade\/","name":"Pol\u00edtica de Privacidade - Export Paletiza\u00e7\u00e3o","isPartOf":{"@id":"https:\/\/www.export-paletizacao.com.br\/#website"},"primaryImageOfPage":{"@id":"https:\/\/www.export-paletizacao.com.br\/politica-de-privacidade\/#primaryimage"},"image":{"@id":"https:\/\/www.export-paletizacao.com.br\/politica-de-privacidade\/#primaryimage"},"thumbnailUrl":"https:\/\/www.export-paletizacao.com.br\/wp-content\/uploads\/2020\/01\/img-slideshow.png","datePublished":"2021-10-15T20:40:29+00:00","dateModified":"2021-10-15T20:48:02+00:00","breadcrumb":{"@id":"https:\/\/www.export-paletizacao.com.br\/politica-de-privacidade\/#breadcrumb"},"inLanguage":"en-US","potentialAction":[{"@type":"ReadAction","target":["https:\/\/www.export-paletizacao.com.br\/politica-de-privacidade\/"]}]},{"@type":"ImageObject","inLanguage":"en-US","@id":"https:\/\/www.export-paletizacao.com.br\/politica-de-privacidade\/#primaryimage","url":"https:\/\/www.export-paletizacao.com.br\/wp-content\/uploads\/2020\/01\/img-slideshow.png","contentUrl":"https:\/\/www.export-paletizacao.com.br\/wp-content\/uploads\/2020\/01\/img-slideshow.png","width":1900,"height":1028,"caption":"Export Paletiza\u00e7\u00e3o"},{"@type":"BreadcrumbList","@id":"https:\/\/www.export-paletizacao.com.br\/politica-de-privacidade\/#breadcrumb","itemListElement":[{"@type":"ListItem","position":1,"name":"In\u00edcio","item":"https:\/\/www.export-paletizacao.com.br\/"},{"@type":"ListItem","position":2,"name":"Pol\u00edtica de Privacidade"}]},{"@type":"WebSite","@id":"https:\/\/www.export-paletizacao.com.br\/#website","url":"https:\/\/www.export-paletizacao.com.br\/","name":"Export Paletiza\u00e7\u00e3o","description":"Com\u00e9rcio de Embalagens e Servi\u00e7os","potentialAction":[{"@type":"SearchAction","target":{"@type":"EntryPoint","urlTemplate":"https:\/\/www.export-paletizacao.com.br\/?s={search_term_string}"},"query-input":{"@type":"PropertyValueSpecification","valueRequired":true,"valueName":"search_term_string"}}],"inLanguage":"en-US"}]}},"_links":{"self":[{"href":"https:\/\/www.export-paletizacao.com.br\/en\/wp-json\/wp\/v2\/pages\/317","targetHints":{"allow":["GET"]}}],"collection":[{"href":"https:\/\/www.export-paletizacao.com.br\/en\/wp-json\/wp\/v2\/pages"}],"about":[{"href":"https:\/\/www.export-paletizacao.com.br\/en\/wp-json\/wp\/v2\/types\/page"}],"author":[{"embeddable":true,"href":"https:\/\/www.export-paletizacao.com.br\/en\/wp-json\/wp\/v2\/users\/1"}],"replies":[{"embeddable":true,"href":"https:\/\/www.export-paletizacao.com.br\/en\/wp-json\/wp\/v2\/comments?post=317"}],"version-history":[{"count":6,"href":"https:\/\/www.export-paletizacao.com.br\/en\/wp-json\/wp\/v2\/pages\/317\/revisions"}],"predecessor-version":[{"id":323,"href":"https:\/\/www.export-paletizacao.com.br\/en\/wp-json\/wp\/v2\/pages\/317\/revisions\/323"}],"wp:featuredmedia":[{"embeddable":true,"href":"https:\/\/www.export-paletizacao.com.br\/en\/wp-json\/wp\/v2\/media\/33"}],"wp:attachment":[{"href":"https:\/\/www.export-paletizacao.com.br\/en\/wp-json\/wp\/v2\/media?parent=317"}],"curies":[{"name":"wp","href":"https:\/\/api.w.org\/{rel}","templated":true}]}}