{"id":9,"date":"2020-01-21T16:31:21","date_gmt":"2020-01-21T19:31:21","guid":{"rendered":"http:\/\/www.export-paletizacao.com.br\/?page_id=9"},"modified":"2021-10-15T17:34:05","modified_gmt":"2021-10-15T20:34:05","slug":"empresa","status":"publish","type":"page","link":"https:\/\/www.export-paletizacao.com.br\/en\/empresa\/","title":{"rendered":"Company"},"content":{"rendered":"<p>Founded in the 90's in Santos\/SP, the company has as its <strong>MISSION<\/strong> act in the logistics chain with support in services regarding the preparation of cargo for transport (sea, road or air), the execution of special packaging, load securing and others, where we add safe and quality services to the actions of our contractors, whether they are Exporters, Importers, Agents, Shipowners, Transporters or Terminals.<\/p>\n<p>As already established performance in our area and in the market, our <strong>VISION<\/strong> projects that we will continue with the same focus and determination, always, until we are recognized throughout Brazil, not only in the Port of Santos and already served Manufacturing Plants, but nationwide, being characterized as partners for all segments in the logistics chain, always focusing on Safety and Integrity of our customers' Cargo.<\/p>\n<p>Our operating model, our <strong>VALUES<\/strong>, encompass specialized services, with qualified labor, personalized service and with follow-up of all steps of the processes attended, aiming at greater control of our customers and transparency in the cases where we operate. Quality, Safety, Integrity, Sustainability, Honesty, Respect for the customer, our employees and society in general are factors that we prioritize within our organization, behaving <strong>EVER<\/strong> with respect to the planet we live on, our greatest treasure.<\/p>","protected":false},"excerpt":{"rendered":"<p>Fundada na d\u00e9cada de 90 em Santos\/SP, a empresa tem como MISS\u00c3O atuar na cadeia log\u00edstica com apoio em servi\u00e7os no que tange a prepara\u00e7\u00e3o de cargas para transporte (mar\u00edtimo, rodovi\u00e1rio ou a\u00e9reo), a execu\u00e7\u00e3o de embalagens especiais, pea\u00e7\u00e3o de cargas e outros, onde agregamos servi\u00e7os seguros e de qualidade \u00e0s a\u00e7\u00f5es de nossos contratantes, sejam eles Exportadores, Importadores, Agentes, Armadores, Transportadores ou Terminais. Conforme atua\u00e7\u00e3o j\u00e1 estabelecida em nossa \u00e1rea e no mercado, nossa [&hellip;]<\/p>\n","protected":false},"author":1,"featured_media":33,"parent":0,"menu_order":0,"comment_status":"closed","ping_status":"closed","template":"","meta":{"_acf_changed":false,"footnotes":""},"class_list":["post-9","page","type-page","status-publish","has-post-thumbnail","hentry"],"acf":[],"yoast_head":"<!-- This site is optimized with the Yoast SEO plugin v27.5 - https:\/\/yoast.com\/product\/yoast-seo-wordpress\/ -->\n<title>Empresa - Export Paletiza\u00e7\u00e3o<\/title>\n<meta name=\"description\" content=\"Com\u00e9rcio de Embalagens e Servi\u00e7os. Conhe\u00e7a nossos servi\u00e7os de Embalagens especiais, pea\u00e7\u00e3o\/lashing, plastifica\u00e7\u00e3o especial\/shrink, reparos em avarias, paletiza\u00e7\u00e3o, ship supplier, dentre outros.\" \/>\n<meta name=\"robots\" content=\"index, follow, max-snippet:-1, max-image-preview:large, max-video-preview:-1\" \/>\n<link rel=\"canonical\" href=\"https:\/\/www.export-paletizacao.com.br\/en\/empresa\/\" \/>\n<meta property=\"og:locale\" content=\"en_US\" \/>\n<meta property=\"og:type\" content=\"article\" \/>\n<meta property=\"og:title\" content=\"Empresa - Export Paletiza\u00e7\u00e3o\" \/>\n<meta property=\"og:description\" content=\"Com\u00e9rcio de Embalagens e Servi\u00e7os. Conhe\u00e7a nossos servi\u00e7os de Embalagens especiais, pea\u00e7\u00e3o\/lashing, plastifica\u00e7\u00e3o especial\/shrink, reparos em avarias, paletiza\u00e7\u00e3o, ship supplier, dentre outros.\" \/>\n<meta property=\"og:url\" content=\"https:\/\/www.export-paletizacao.com.br\/en\/empresa\/\" \/>\n<meta property=\"og:site_name\" content=\"Export Paletiza\u00e7\u00e3o\" \/>\n<meta property=\"article:modified_time\" content=\"2021-10-15T20:34:05+00:00\" \/>\n<meta property=\"og:image\" content=\"https:\/\/www.export-paletizacao.com.br\/wp-content\/uploads\/2020\/01\/img-slideshow.png\" \/>\n\t<meta property=\"og:image:width\" content=\"1900\" \/>\n\t<meta property=\"og:image:height\" content=\"1028\" \/>\n\t<meta property=\"og:image:type\" content=\"image\/png\" \/>\n<meta name=\"twitter:card\" content=\"summary_large_image\" \/>\n<meta name=\"twitter:label1\" content=\"Est. reading time\" \/>\n\t<meta name=\"twitter:data1\" content=\"1 minute\" \/>\n<script type=\"application\/ld+json\" class=\"yoast-schema-graph\">{\"@context\":\"https:\\\/\\\/schema.org\",\"@graph\":[{\"@type\":\"WebPage\",\"@id\":\"https:\\\/\\\/www.export-paletizacao.com.br\\\/empresa\\\/\",\"url\":\"https:\\\/\\\/www.export-paletizacao.com.br\\\/empresa\\\/\",\"name\":\"Empresa - Export Paletiza\u00e7\u00e3o\",\"isPartOf\":{\"@id\":\"https:\\\/\\\/www.export-paletizacao.com.br\\\/#website\"},\"primaryImageOfPage\":{\"@id\":\"https:\\\/\\\/www.export-paletizacao.com.br\\\/empresa\\\/#primaryimage\"},\"image\":{\"@id\":\"https:\\\/\\\/www.export-paletizacao.com.br\\\/empresa\\\/#primaryimage\"},\"thumbnailUrl\":\"https:\\\/\\\/www.export-paletizacao.com.br\\\/wp-content\\\/uploads\\\/2020\\\/01\\\/img-slideshow.png\",\"datePublished\":\"2020-01-21T19:31:21+00:00\",\"dateModified\":\"2021-10-15T20:34:05+00:00\",\"description\":\"Com\u00e9rcio de Embalagens e Servi\u00e7os. Conhe\u00e7a nossos servi\u00e7os de Embalagens especiais, pea\u00e7\u00e3o\\\/lashing, plastifica\u00e7\u00e3o especial\\\/shrink, reparos em avarias, paletiza\u00e7\u00e3o, ship supplier, dentre outros.\",\"breadcrumb\":{\"@id\":\"https:\\\/\\\/www.export-paletizacao.com.br\\\/empresa\\\/#breadcrumb\"},\"inLanguage\":\"en-US\",\"potentialAction\":[{\"@type\":\"ReadAction\",\"target\":[\"https:\\\/\\\/www.export-paletizacao.com.br\\\/empresa\\\/\"]}]},{\"@type\":\"ImageObject\",\"inLanguage\":\"en-US\",\"@id\":\"https:\\\/\\\/www.export-paletizacao.com.br\\\/empresa\\\/#primaryimage\",\"url\":\"https:\\\/\\\/www.export-paletizacao.com.br\\\/wp-content\\\/uploads\\\/2020\\\/01\\\/img-slideshow.png\",\"contentUrl\":\"https:\\\/\\\/www.export-paletizacao.com.br\\\/wp-content\\\/uploads\\\/2020\\\/01\\\/img-slideshow.png\",\"width\":1900,\"height\":1028,\"caption\":\"Export Paletiza\u00e7\u00e3o\"},{\"@type\":\"BreadcrumbList\",\"@id\":\"https:\\\/\\\/www.export-paletizacao.com.br\\\/empresa\\\/#breadcrumb\",\"itemListElement\":[{\"@type\":\"ListItem\",\"position\":1,\"name\":\"In\u00edcio\",\"item\":\"https:\\\/\\\/www.export-paletizacao.com.br\\\/\"},{\"@type\":\"ListItem\",\"position\":2,\"name\":\"Empresa\"}]},{\"@type\":\"WebSite\",\"@id\":\"https:\\\/\\\/www.export-paletizacao.com.br\\\/#website\",\"url\":\"https:\\\/\\\/www.export-paletizacao.com.br\\\/\",\"name\":\"Export Paletiza\u00e7\u00e3o\",\"description\":\"Com\u00e9rcio de Embalagens e Servi\u00e7os\",\"potentialAction\":[{\"@type\":\"SearchAction\",\"target\":{\"@type\":\"EntryPoint\",\"urlTemplate\":\"https:\\\/\\\/www.export-paletizacao.com.br\\\/?s={search_term_string}\"},\"query-input\":{\"@type\":\"PropertyValueSpecification\",\"valueRequired\":true,\"valueName\":\"search_term_string\"}}],\"inLanguage\":\"en-US\"}]}<\/script>\n<!-- \/ Yoast SEO plugin. -->","yoast_head_json":{"title":"Empresa - Export Paletiza\u00e7\u00e3o","description":"Com\u00e9rcio de Embalagens e Servi\u00e7os. Conhe\u00e7a nossos servi\u00e7os de Embalagens especiais, pea\u00e7\u00e3o\/lashing, plastifica\u00e7\u00e3o especial\/shrink, reparos em avarias, paletiza\u00e7\u00e3o, ship supplier, dentre outros.","robots":{"index":"index","follow":"follow","max-snippet":"max-snippet:-1","max-image-preview":"max-image-preview:large","max-video-preview":"max-video-preview:-1"},"canonical":"https:\/\/www.export-paletizacao.com.br\/en\/empresa\/","og_locale":"en_US","og_type":"article","og_title":"Empresa - Export Paletiza\u00e7\u00e3o","og_description":"Com\u00e9rcio de Embalagens e Servi\u00e7os. Conhe\u00e7a nossos servi\u00e7os de Embalagens especiais, pea\u00e7\u00e3o\/lashing, plastifica\u00e7\u00e3o especial\/shrink, reparos em avarias, paletiza\u00e7\u00e3o, ship supplier, dentre outros.","og_url":"https:\/\/www.export-paletizacao.com.br\/en\/empresa\/","og_site_name":"Export Paletiza\u00e7\u00e3o","article_modified_time":"2021-10-15T20:34:05+00:00","og_image":[{"width":1900,"height":1028,"url":"https:\/\/www.export-paletizacao.com.br\/wp-content\/uploads\/2020\/01\/img-slideshow.png","type":"image\/png"}],"twitter_card":"summary_large_image","twitter_misc":{"Est. reading time":"1 minute"},"schema":{"@context":"https:\/\/schema.org","@graph":[{"@type":"WebPage","@id":"https:\/\/www.export-paletizacao.com.br\/empresa\/","url":"https:\/\/www.export-paletizacao.com.br\/empresa\/","name":"Empresa - Export Paletiza\u00e7\u00e3o","isPartOf":{"@id":"https:\/\/www.export-paletizacao.com.br\/#website"},"primaryImageOfPage":{"@id":"https:\/\/www.export-paletizacao.com.br\/empresa\/#primaryimage"},"image":{"@id":"https:\/\/www.export-paletizacao.com.br\/empresa\/#primaryimage"},"thumbnailUrl":"https:\/\/www.export-paletizacao.com.br\/wp-content\/uploads\/2020\/01\/img-slideshow.png","datePublished":"2020-01-21T19:31:21+00:00","dateModified":"2021-10-15T20:34:05+00:00","description":"Com\u00e9rcio de Embalagens e Servi\u00e7os. Conhe\u00e7a nossos servi\u00e7os de Embalagens especiais, pea\u00e7\u00e3o\/lashing, plastifica\u00e7\u00e3o especial\/shrink, reparos em avarias, paletiza\u00e7\u00e3o, ship supplier, dentre outros.","breadcrumb":{"@id":"https:\/\/www.export-paletizacao.com.br\/empresa\/#breadcrumb"},"inLanguage":"en-US","potentialAction":[{"@type":"ReadAction","target":["https:\/\/www.export-paletizacao.com.br\/empresa\/"]}]},{"@type":"ImageObject","inLanguage":"en-US","@id":"https:\/\/www.export-paletizacao.com.br\/empresa\/#primaryimage","url":"https:\/\/www.export-paletizacao.com.br\/wp-content\/uploads\/2020\/01\/img-slideshow.png","contentUrl":"https:\/\/www.export-paletizacao.com.br\/wp-content\/uploads\/2020\/01\/img-slideshow.png","width":1900,"height":1028,"caption":"Export Paletiza\u00e7\u00e3o"},{"@type":"BreadcrumbList","@id":"https:\/\/www.export-paletizacao.com.br\/empresa\/#breadcrumb","itemListElement":[{"@type":"ListItem","position":1,"name":"In\u00edcio","item":"https:\/\/www.export-paletizacao.com.br\/"},{"@type":"ListItem","position":2,"name":"Empresa"}]},{"@type":"WebSite","@id":"https:\/\/www.export-paletizacao.com.br\/#website","url":"https:\/\/www.export-paletizacao.com.br\/","name":"Export Paletiza\u00e7\u00e3o","description":"Com\u00e9rcio de Embalagens e Servi\u00e7os","potentialAction":[{"@type":"SearchAction","target":{"@type":"EntryPoint","urlTemplate":"https:\/\/www.export-paletizacao.com.br\/?s={search_term_string}"},"query-input":{"@type":"PropertyValueSpecification","valueRequired":true,"valueName":"search_term_string"}}],"inLanguage":"en-US"}]}},"_links":{"self":[{"href":"https:\/\/www.export-paletizacao.com.br\/en\/wp-json\/wp\/v2\/pages\/9","targetHints":{"allow":["GET"]}}],"collection":[{"href":"https:\/\/www.export-paletizacao.com.br\/en\/wp-json\/wp\/v2\/pages"}],"about":[{"href":"https:\/\/www.export-paletizacao.com.br\/en\/wp-json\/wp\/v2\/types\/page"}],"author":[{"embeddable":true,"href":"https:\/\/www.export-paletizacao.com.br\/en\/wp-json\/wp\/v2\/users\/1"}],"replies":[{"embeddable":true,"href":"https:\/\/www.export-paletizacao.com.br\/en\/wp-json\/wp\/v2\/comments?post=9"}],"version-history":[{"count":4,"href":"https:\/\/www.export-paletizacao.com.br\/en\/wp-json\/wp\/v2\/pages\/9\/revisions"}],"predecessor-version":[{"id":225,"href":"https:\/\/www.export-paletizacao.com.br\/en\/wp-json\/wp\/v2\/pages\/9\/revisions\/225"}],"wp:featuredmedia":[{"embeddable":true,"href":"https:\/\/www.export-paletizacao.com.br\/en\/wp-json\/wp\/v2\/media\/33"}],"wp:attachment":[{"href":"https:\/\/www.export-paletizacao.com.br\/en\/wp-json\/wp\/v2\/media?parent=9"}],"curies":[{"name":"wp","href":"https:\/\/api.w.org\/{rel}","templated":true}]}}